{"id":1931,"date":"2025-09-19T09:14:04","date_gmt":"2025-09-19T09:14:04","guid":{"rendered":"https:\/\/www.apicivs.com\/2025\/about-apicivs\/"},"modified":"2025-10-17T10:07:36","modified_gmt":"2025-10-17T10:07:36","slug":"about-apicivs","status":"publish","type":"page","link":"https:\/\/www.apicivs.com\/pt-pt\/about-apicivs\/","title":{"rendered":"Sobre a Apicivs"},"content":{"rendered":"\t\t<div data-elementor-type=\"wp-page\" data-elementor-id=\"1931\" class=\"elementor elementor-1931 elementor-181\" data-elementor-post-type=\"page\">\n\t\t\t\t<div class=\"elementor-element elementor-element-292775b e-flex e-con-boxed e-con e-parent\" data-id=\"292775b\" data-element_type=\"container\" data-settings=\"{&quot;background_background&quot;:&quot;classic&quot;}\">\n\t\t\t\t\t<div class=\"e-con-inner\">\n\t\t\t\t<div class=\"elementor-element elementor-element-09da8b5 elementor-widget elementor-widget-image\" data-id=\"09da8b5\" data-element_type=\"widget\" data-widget_type=\"image.default\">\n\t\t\t\t\t\t\t\t\t\t\t\t\t\t\t<img fetchpriority=\"high\" decoding=\"async\" width=\"800\" height=\"558\" src=\"https:\/\/www.apicivs.com\/wp-content\/uploads\/2025\/09\/apicivs-1.png\" class=\"attachment-large size-large wp-image-1925\" alt=\"Apicivs\" srcset=\"https:\/\/www.apicivs.com\/wp-content\/uploads\/2025\/09\/apicivs-1.png 900w, https:\/\/www.apicivs.com\/wp-content\/uploads\/2025\/09\/apicivs-1-300x209.png 300w, https:\/\/www.apicivs.com\/wp-content\/uploads\/2025\/09\/apicivs-1-600x419.png 600w, https:\/\/www.apicivs.com\/wp-content\/uploads\/2025\/09\/apicivs-1-768x536.png 768w\" sizes=\"(max-width: 800px) 100vw, 800px\" \/>\t\t\t\t\t\t\t\t\t\t\t\t\t\t\t<\/div>\n\t\t\t\t<div class=\"elementor-element elementor-element-ae9caea elementor-absolute scrolldw elementor-hidden-desktop elementor-hidden-tablet elementor-view-default elementor-widget elementor-widget-icon\" data-id=\"ae9caea\" data-element_type=\"widget\" data-settings=\"{&quot;_position&quot;:&quot;absolute&quot;}\" data-widget_type=\"icon.default\">\n\t\t\t\t\t\t\t<div class=\"elementor-icon-wrapper\">\n\t\t\t<a class=\"elementor-icon\" href=\"#intro\">\n\t\t\t<i aria-hidden=\"true\" class=\"icon icon-scroll\"><\/i>\t\t\t<\/a>\n\t\t<\/div>\n\t\t\t\t\t\t<\/div>\n\t\t\t\t\t<\/div>\n\t\t\t\t<\/div>\n\t\t<div class=\"elementor-element elementor-element-c655835 e-flex e-con-boxed e-con e-parent\" data-id=\"c655835\" data-element_type=\"container\" id=\"intro\" data-settings=\"{&quot;background_background&quot;:&quot;classic&quot;}\">\n\t\t\t\t\t<div class=\"e-con-inner\">\n\t\t\t\t<div class=\"elementor-element elementor-element-6ace5cd elementor-widget elementor-widget-heading\" data-id=\"6ace5cd\" data-element_type=\"widget\" data-widget_type=\"heading.default\">\n\t\t\t\t\t<h2 class=\"elementor-heading-title elementor-size-default\">Inspirada no mais antigo livro de culin\u00e1ria do mundo, a APICIVS representa a busca incans\u00e1vel pelo melhor. <\/h2>\t\t\t\t<\/div>\n\t\t\t\t\t<\/div>\n\t\t\t\t<\/div>\n\t\t<div class=\"elementor-element elementor-element-1efaa4c e-flex e-con-boxed e-con e-parent\" data-id=\"1efaa4c\" data-element_type=\"container\" data-settings=\"{&quot;background_background&quot;:&quot;classic&quot;}\">\n\t\t\t\t\t<div class=\"e-con-inner\">\n\t\t\t\t\t<\/div>\n\t\t\t\t<\/div>\n\t\t<div class=\"elementor-element elementor-element-f86c2bc e-flex e-con-boxed e-con e-parent\" data-id=\"f86c2bc\" data-element_type=\"container\" data-settings=\"{&quot;background_background&quot;:&quot;classic&quot;}\">\n\t\t\t\t\t<div class=\"e-con-inner\">\n\t\t<div class=\"elementor-element elementor-element-bb876a8 e-con-full e-flex e-con e-child\" data-id=\"bb876a8\" data-element_type=\"container\" data-settings=\"{&quot;background_background&quot;:&quot;classic&quot;}\">\n\t\t\t\t<div class=\"elementor-element elementor-element-cbcc785 elementor-view-default elementor-widget elementor-widget-icon\" data-id=\"cbcc785\" data-element_type=\"widget\" data-widget_type=\"icon.default\">\n\t\t\t\t\t\t\t<div class=\"elementor-icon-wrapper\">\n\t\t\t<div class=\"elementor-icon\">\n\t\t\t<svg xmlns=\"http:\/\/www.w3.org\/2000\/svg\" id=\"Camada_2\" viewBox=\"0 0 111.13 111.14\"><g id=\"Layer_1\"><path d=\"M88.8,80.99l-.02-.02.02-.07-2.42-2.39-12.57-12.84c6.62-4.95,14.76-7.97,23.58-8.24-.39,8.83-3.53,16.96-8.58,23.56M85.09,85.22c-.14.14-.29.27-.43.41l-3.51.97-.29-.29-2.54-2.59.99-3.8,3.85-1.06,1.43,1.41,1.41,1.44-.91,3.52ZM57.12,97.4c.33-8.72,3.36-16.77,8.28-23.32l10.16,10.38-.03.1,3.57,3.52,1.21,1.24c-6.55,4.81-14.54,7.76-23.19,8.08M30.77,89.28l1.39-1.42,3.45-3.38-.03-.12,10.13-10.34c4.94,6.56,7.98,14.62,8.32,23.37-8.68-.32-16.69-3.28-23.25-8.12M29.97,86.51l-3.65-1.02c-.08-.08-.17-.16-.25-.24l-.94-3.64,1.36-1.39,1.49-1.46,3.85,1.07.97,3.79-2.4,2.46-.43.42ZM22.34,80.78l.02.08-.07.07c-5.03-6.58-8.16-14.69-8.54-23.51,8.8.27,16.92,3.27,23.52,8.2l-12.55,12.82-2.38,2.33ZM27.73,54.7h0v2.38-2.38ZM21.9,30.71l15.21,15.54c-6.59,4.86-14.65,7.83-23.38,8.09.26-8.83,3.25-16.98,8.17-23.63M25.68,26.29c.09-.1.18-.2.28-.29l3.56-.94,2.87,2.94-1.01,3.73-3.86,1.03-2.82-2.83.98-3.62ZM54.04,13.74c-.21,9.06-3.32,17.41-8.45,24.16l-10.41-10.63.04-.14-4.86-4.88-.08.02-.02-.02c6.65-5.07,14.86-8.18,23.78-8.51M80.83,22.21l-1.77,1.81-3.08,3,.03.12-10.49,10.71c-5.11-6.74-8.2-15.07-8.41-24.11,8.89.32,17.08,3.42,23.73,8.47M85.21,26.03c.11.11.21.22.31.33l.9,3.56-1.59,1.63-1.26,1.22-3.85-1.09-.96-3.79,2.05-2.1.79-.77,3.6,1.02ZM78.8,34.02l2.83.8-9.64,9.84c-.69-.58-1.37-1.19-2.02-1.82l8.83-8.83ZM68.22,41.06c-.38-.41-.75-.83-1.12-1.26l9.62-9.83.52,2.06-9.03,9.03ZM57.1,28.92c4.53,11.63,13.81,20.9,25.44,25.44-13.83-.45-24.98-11.61-25.44-25.44M55.57,37.32c2.92,8.74,9.83,15.65,18.57,18.57-8.74,2.92-15.65,9.83-18.57,18.57-2.92-8.74-9.83-15.65-18.57-18.57,8.74-2.92,15.65-9.83,18.57-18.57M54.04,28.92c-.45,13.83-11.61,24.99-25.44,25.44,11.63-4.53,20.9-13.81,25.44-25.44M33.87,32.1l.55-2.03,9.58,9.79c-.36.42-.74.84-1.12,1.25l-9.01-9.01ZM41.12,42.89c-.66.63-1.33,1.23-2.02,1.82l-9.66-9.87,2.87-.76,8.82,8.82ZM28.6,57.42c13.82.45,24.98,11.61,25.44,25.43h0c-4.53-11.63-13.8-20.9-25.43-25.43M32.77,77.51l-2.85-.8,9.31-9.51c.69.58,1.37,1.19,2.02,1.82l-8.48,8.48ZM43.01,70.81c.38.41.75.83,1.11,1.26l-9.27,9.47-.53-2.05,8.69-8.69ZM57.1,82.85h0c.46-13.82,11.61-24.98,25.44-25.43-11.63,4.53-20.9,13.8-25.43,25.43M76.82,79.59l-.53,2.04-9.32-9.52c.36-.43.73-.85,1.11-1.26l8.74,8.74ZM69.83,69.07c.65-.63,1.32-1.24,2.02-1.82l9.36,9.56-2.85.79-8.52-8.53ZM89.22,30.76l-.02-.1c4.95,6.66,7.95,14.83,8.21,23.68-8.76-.27-16.84-3.24-23.43-8.13l12.63-12.9,2.62-2.55ZM87.53,24.1h0s0,0,0,0c-8.15-8.27-19.46-13.4-31.95-13.4-24.75,0-44.88,20.13-44.88,44.88s20.13,44.88,44.88,44.88c12.22,0,23.31-4.91,31.41-12.87l.09-.02.02-.08c8.24-8.14,13.36-19.44,13.36-31.91s-4.94-23.37-12.92-31.47\" style=\"fill:#8c402b;\"><\/path><path d=\"M55.57,108.12c-28.98,0-52.55-23.58-52.55-52.55S26.59,3.02,55.57,3.02s52.55,23.57,52.55,52.55-23.58,52.55-52.55,52.55M55.57,0C24.93,0,0,24.93,0,55.57s24.93,55.57,55.57,55.57,55.57-24.93,55.57-55.57S86.21,0,55.57,0\" style=\"fill:#8c402b;\"><\/path><path d=\"M55.84,103.74c-26.73,0-48.48-21.75-48.48-48.48S29.1,6.78,55.84,6.78s48.48,21.75,48.48,48.48-21.75,48.48-48.48,48.48M55.84,5.6C28.45,5.6,6.17,27.88,6.17,55.26s22.28,49.67,49.67,49.67,49.67-22.28,49.67-49.67S83.22,5.6,55.84,5.6\" style=\"fill:#8c402b;\"><\/path><\/g><\/svg>\t\t\t<\/div>\n\t\t<\/div>\n\t\t\t\t\t\t<\/div>\n\t\t\t\t<div class=\"elementor-element elementor-element-1e6f14b elementor-widget__width-initial elementor-widget elementor-widget-heading\" data-id=\"1e6f14b\" data-element_type=\"widget\" data-widget_type=\"heading.default\">\n\t\t\t\t\t<h2 class=\"elementor-heading-title elementor-size-default\">O melhor ingrediente, a melhor combina\u00e7\u00e3o, a melhor bebida.<\/h2>\t\t\t\t<\/div>\n\t\t\t\t<div class=\"elementor-element elementor-element-0a2d775 elementor-widget elementor-widget-text-editor\" data-id=\"0a2d775\" data-element_type=\"widget\" data-widget_type=\"text-editor.default\">\n\t\t\t\t\t\t\t\t\t<p>Mais do que uma marca, a APICIVS \u00e9 uma declara\u00e7\u00e3o de excel\u00eancia. Inspirada em Marcus Gavius Apicius \u2013 o lend\u00e1rio gourmet romano que consagrou a vida a elevar o palato \u00e0 sua express\u00e3o mais sublime \u2013 a APICIVS persegue o inating\u00edvel e encarna o esp\u00edrito audaz de quem rejeita o comum.<\/p>\n<p>A APICIVS \u00e9 movida pela constante ambi\u00e7\u00e3o de elevar os sentidos e acrescentar-lhes sofistica\u00e7\u00e3o \u2013 revelando raridades, criando experi\u00eancias singulares e enaltecendo o legado do Douro com um foco inabal\u00e1vel no raro e no excecional. A vis\u00e3o refinada do nosso Master Blender molda a APICIVS \u2013 a sua alma, o seu equil\u00edbrio e o seu car\u00e1cter intemporal.<\/p>\n<p>Cada garrafa \u00e9 testemunho desta busca incans\u00e1vel: uma express\u00e3o nobre e rara de lugar, de tempo e de prop\u00f3sito.<\/p>\n\t\t\t\t\t\t\t\t<\/div>\n\t\t\t\t<\/div>\n\t\t\t\t\t<\/div>\n\t\t\t\t<\/div>\n\t\t<div class=\"elementor-element elementor-element-9f1257d e-flex e-con-boxed e-con e-parent\" data-id=\"9f1257d\" data-element_type=\"container\" data-settings=\"{&quot;background_background&quot;:&quot;classic&quot;}\">\n\t\t\t\t\t<div class=\"e-con-inner\">\n\t\t\t\t<div class=\"elementor-element elementor-element-6e09d5e elementor-widget__width-initial elementor-widget elementor-widget-heading\" data-id=\"6e09d5e\" data-element_type=\"widget\" data-widget_type=\"heading.default\">\n\t\t\t\t\t<h2 class=\"elementor-heading-title elementor-size-default\">Apicivs. <br>A busca incans\u00e1vel <br>pelo melhor que o <br>Douro tem para oferecer.<\/h2>\t\t\t\t<\/div>\n\t\t\t\t\t<\/div>\n\t\t\t\t<\/div>\n\t\t<div class=\"elementor-element elementor-element-792af99 e-flex e-con-boxed e-con e-parent\" data-id=\"792af99\" data-element_type=\"container\" data-settings=\"{&quot;background_background&quot;:&quot;classic&quot;}\">\n\t\t\t\t\t<div class=\"e-con-inner\">\n\t\t<div class=\"elementor-element elementor-element-cff6953 e-con-full e-flex e-con e-child\" data-id=\"cff6953\" data-element_type=\"container\" data-settings=\"{&quot;background_background&quot;:&quot;classic&quot;}\">\n\t\t\t\t<div class=\"elementor-element elementor-element-690ae1b elementor-view-default elementor-widget elementor-widget-icon\" data-id=\"690ae1b\" data-element_type=\"widget\" data-widget_type=\"icon.default\">\n\t\t\t\t\t\t\t<div class=\"elementor-icon-wrapper\">\n\t\t\t<div class=\"elementor-icon\">\n\t\t\t<svg xmlns=\"http:\/\/www.w3.org\/2000\/svg\" id=\"Camada_2\" viewBox=\"0 0 111.13 111.14\"><g id=\"Layer_1\"><path d=\"M88.8,80.99l-.02-.02.02-.07-2.42-2.39-12.57-12.84c6.62-4.95,14.76-7.97,23.58-8.24-.39,8.83-3.53,16.96-8.58,23.56M85.09,85.22c-.14.14-.29.27-.43.41l-3.51.97-.29-.29-2.54-2.59.99-3.8,3.85-1.06,1.43,1.41,1.41,1.44-.91,3.52ZM57.12,97.4c.33-8.72,3.36-16.77,8.28-23.32l10.16,10.38-.03.1,3.57,3.52,1.21,1.24c-6.55,4.81-14.54,7.76-23.19,8.08M30.77,89.28l1.39-1.42,3.45-3.38-.03-.12,10.13-10.34c4.94,6.56,7.98,14.62,8.32,23.37-8.68-.32-16.69-3.28-23.25-8.12M29.97,86.51l-3.65-1.02c-.08-.08-.17-.16-.25-.24l-.94-3.64,1.36-1.39,1.49-1.46,3.85,1.07.97,3.79-2.4,2.46-.43.42ZM22.34,80.78l.02.08-.07.07c-5.03-6.58-8.16-14.69-8.54-23.51,8.8.27,16.92,3.27,23.52,8.2l-12.55,12.82-2.38,2.33ZM27.73,54.7h0v2.38-2.38ZM21.9,30.71l15.21,15.54c-6.59,4.86-14.65,7.83-23.38,8.09.26-8.83,3.25-16.98,8.17-23.63M25.68,26.29c.09-.1.18-.2.28-.29l3.56-.94,2.87,2.94-1.01,3.73-3.86,1.03-2.82-2.83.98-3.62ZM54.04,13.74c-.21,9.06-3.32,17.41-8.45,24.16l-10.41-10.63.04-.14-4.86-4.88-.08.02-.02-.02c6.65-5.07,14.86-8.18,23.78-8.51M80.83,22.21l-1.77,1.81-3.08,3,.03.12-10.49,10.71c-5.11-6.74-8.2-15.07-8.41-24.11,8.89.32,17.08,3.42,23.73,8.47M85.21,26.03c.11.11.21.22.31.33l.9,3.56-1.59,1.63-1.26,1.22-3.85-1.09-.96-3.79,2.05-2.1.79-.77,3.6,1.02ZM78.8,34.02l2.83.8-9.64,9.84c-.69-.58-1.37-1.19-2.02-1.82l8.83-8.83ZM68.22,41.06c-.38-.41-.75-.83-1.12-1.26l9.62-9.83.52,2.06-9.03,9.03ZM57.1,28.92c4.53,11.63,13.81,20.9,25.44,25.44-13.83-.45-24.98-11.61-25.44-25.44M55.57,37.32c2.92,8.74,9.83,15.65,18.57,18.57-8.74,2.92-15.65,9.83-18.57,18.57-2.92-8.74-9.83-15.65-18.57-18.57,8.74-2.92,15.65-9.83,18.57-18.57M54.04,28.92c-.45,13.83-11.61,24.99-25.44,25.44,11.63-4.53,20.9-13.81,25.44-25.44M33.87,32.1l.55-2.03,9.58,9.79c-.36.42-.74.84-1.12,1.25l-9.01-9.01ZM41.12,42.89c-.66.63-1.33,1.23-2.02,1.82l-9.66-9.87,2.87-.76,8.82,8.82ZM28.6,57.42c13.82.45,24.98,11.61,25.44,25.43h0c-4.53-11.63-13.8-20.9-25.43-25.43M32.77,77.51l-2.85-.8,9.31-9.51c.69.58,1.37,1.19,2.02,1.82l-8.48,8.48ZM43.01,70.81c.38.41.75.83,1.11,1.26l-9.27,9.47-.53-2.05,8.69-8.69ZM57.1,82.85h0c.46-13.82,11.61-24.98,25.44-25.43-11.63,4.53-20.9,13.8-25.43,25.43M76.82,79.59l-.53,2.04-9.32-9.52c.36-.43.73-.85,1.11-1.26l8.74,8.74ZM69.83,69.07c.65-.63,1.32-1.24,2.02-1.82l9.36,9.56-2.85.79-8.52-8.53ZM89.22,30.76l-.02-.1c4.95,6.66,7.95,14.83,8.21,23.68-8.76-.27-16.84-3.24-23.43-8.13l12.63-12.9,2.62-2.55ZM87.53,24.1h0s0,0,0,0c-8.15-8.27-19.46-13.4-31.95-13.4-24.75,0-44.88,20.13-44.88,44.88s20.13,44.88,44.88,44.88c12.22,0,23.31-4.91,31.41-12.87l.09-.02.02-.08c8.24-8.14,13.36-19.44,13.36-31.91s-4.94-23.37-12.92-31.47\" style=\"fill:#8c402b;\"><\/path><path d=\"M55.57,108.12c-28.98,0-52.55-23.58-52.55-52.55S26.59,3.02,55.57,3.02s52.55,23.57,52.55,52.55-23.58,52.55-52.55,52.55M55.57,0C24.93,0,0,24.93,0,55.57s24.93,55.57,55.57,55.57,55.57-24.93,55.57-55.57S86.21,0,55.57,0\" style=\"fill:#8c402b;\"><\/path><path d=\"M55.84,103.74c-26.73,0-48.48-21.75-48.48-48.48S29.1,6.78,55.84,6.78s48.48,21.75,48.48,48.48-21.75,48.48-48.48,48.48M55.84,5.6C28.45,5.6,6.17,27.88,6.17,55.26s22.28,49.67,49.67,49.67,49.67-22.28,49.67-49.67S83.22,5.6,55.84,5.6\" style=\"fill:#8c402b;\"><\/path><\/g><\/svg>\t\t\t<\/div>\n\t\t<\/div>\n\t\t\t\t\t\t<\/div>\n\t\t\t\t<div class=\"elementor-element elementor-element-9f4ba07 elementor-widget__width-initial elementor-widget elementor-widget-heading\" data-id=\"9f4ba07\" data-element_type=\"widget\" data-widget_type=\"heading.default\">\n\t\t\t\t\t<h2 class=\"elementor-heading-title elementor-size-default\">Breve Enquadramento Hist\u00f3rico da Marca<\/h2>\t\t\t\t<\/div>\n\t\t\t\t<div class=\"elementor-element elementor-element-09fdedf elementor-widget elementor-widget-text-editor\" data-id=\"09fdedf\" data-element_type=\"widget\" data-widget_type=\"text-editor.default\">\n\t\t\t\t\t\t\t\t\t<p>Tal como as antigas receitas do livro Apicius procuravam elevar a arte da gastronomia, a APICIVS aspira a apresentar o melhor que o Douro tem para oferecer.<\/p>\n<p>Embora a hist\u00f3ria vinhateira da regi\u00e3o remonte a quase dois mil\u00e9nios, a APICIVS acredita que a vast\u00edssima riqueza e qualidade intemporal do Douro ainda escondem in\u00fameros tesouros. Como primeira Regi\u00e3o Demarcada e Regulamentada do mundo, o Douro continua a inspirar cria\u00e7\u00e3o, inova\u00e7\u00e3o e descoberta.<\/p>\n<p>A APICIVS nasceu em 2018 \u2013 n\u00e3o por legado, mas de uma procura conduzida pelo nosso fundador: uma busca incans\u00e1vel por vinhos do Porto nobres e esquecidos, escondidos nas sombras do tempo. Procurando para l\u00e1 dos caminhos convencionais, descobrindo raridades nas m\u00e3os de quem j\u00e1 n\u00e3o produz, nas caves de fam\u00edlias que h\u00e1 muito abandonaram o of\u00edcio e nas casas hist\u00f3ricas de vinho do Porto onde o sil\u00eancio tomou o lugar da tradi\u00e7\u00e3o. Cada descoberta \u00e9 um momento de rever\u00eancia \u2013 a revela\u00e7\u00e3o de uma pedra preciosa velada pelo tempo, resgatada e lapidada com prop\u00f3sito e precis\u00e3o.<\/p>\n<p>A APICIVS \u00e9 movida por uma ambi\u00e7\u00e3o inabal\u00e1vel de elevar o palato, ir al\u00e9m da tradi\u00e7\u00e3o e expressar a mais fina ess\u00eancia do vinho do Porto \u2013 uma vis\u00e3o refinada moldada pelo nosso Master Blender, que cria a APICIVS com precis\u00e3o, intui\u00e7\u00e3o e car\u00e1cter intemporal.<\/p>\n<p>Este esp\u00edrito de eterna inquietude espelha a figura nobre que inspirou o nome da marca \u2014 uma busca pela excel\u00eancia que transcende o tempo, com uma procura inabal\u00e1vel de uma qualidade rara e consistente que s\u00f3 o Douro, com o seu legado secular, pode oferecer.<\/p>\n<p>A APICIVS sela cada garrafa com a sua marca de qualidade intransigente. \u00c9 uma declara\u00e7\u00e3o formal dos valores que definem a APICIVS: raridade, precis\u00e3o e car\u00e1cter intemporal. Este selo certifica, com integridade absoluta, a garantia solene de que o seu conte\u00fado reflete os padr\u00f5es APICIVS.<\/p>\n\t\t\t\t\t\t\t\t<\/div>\n\t\t\t\t<\/div>\n\t\t\t\t\t<\/div>\n\t\t\t\t<\/div>\n\t\t<div class=\"elementor-element elementor-element-0635ee3 e-con-full e-flex e-con e-parent\" data-id=\"0635ee3\" data-element_type=\"container\" data-settings=\"{&quot;background_background&quot;:&quot;classic&quot;}\">\n\t\t\t\t<div class=\"elementor-element elementor-element-8b4a666 elementor-widget__width-initial elementor-widget elementor-widget-heading\" data-id=\"8b4a666\" data-element_type=\"widget\" data-widget_type=\"heading.default\">\n\t\t\t\t\t<h2 class=\"elementor-heading-title elementor-size-default\">A COLE\u00c7\u00c3O APICIVS<\/h2>\t\t\t\t<\/div>\n\t\t<div class=\"elementor-element elementor-element-cc006a8 e-flex e-con-boxed e-con e-child\" data-id=\"cc006a8\" data-element_type=\"container\" data-settings=\"{&quot;background_background&quot;:&quot;classic&quot;}\">\n\t\t\t\t\t<div class=\"e-con-inner\">\n\t\t<div class=\"elementor-element elementor-element-ef445b5 e-con-full e-flex e-con e-child\" data-id=\"ef445b5\" data-element_type=\"container\">\n\t\t\t\t<div class=\"elementor-element elementor-element-e1da698 slidebt elementor-widget elementor-widget-ucaddon_card_carousel\" data-id=\"e1da698\" data-element_type=\"widget\" data-widget_type=\"ucaddon_card_carousel.default\">\n\t\t\t\t<div class=\"elementor-widget-container\">\n\t\t\t\t\t\n<!-- start Card Carousel -->\n\t\t<link id='font-awesome-css' href='https:\/\/www.apicivs.com\/wp-content\/plugins\/unlimited-elements-for-elementor-premium\/assets_libraries\/font-awesome6\/fontawesome-all.min.css' type='text\/css' rel='stylesheet' >\n\t\t<link id='font-awesome-4-shim-css' href='https:\/\/www.apicivs.com\/wp-content\/plugins\/unlimited-elements-for-elementor-premium\/assets_libraries\/font-awesome6\/fontawesome-v4-shims.min.css' type='text\/css' rel='stylesheet' >\n\t\t<link id='owl-carousel-css' href='https:\/\/www.apicivs.com\/wp-content\/plugins\/unlimited-elements-for-elementor-premium\/assets_libraries\/owl-carousel-new\/assets\/owl.carousel.css' type='text\/css' rel='stylesheet' >\n\t\t<link id='uc_ac_assets_file_animate_css_77907-css' href='https:\/\/www.apicivs.com\/wp-content\/uploads\/ac_assets\/uc_classic_carousel\/animate.css' type='text\/css' rel='stylesheet' >\n\n<style>\/* widget: Card Carousel *\/\n\n#uc_card_carousel_elementor_e1da698-wrapper{\n  min-height:1px;\n}\n\n#uc_card_carousel_elementor_e1da698 *{\n\t-webkit-box-sizing: border-box;\n\t-moz-box-sizing: border-box;\n\tbox-sizing: border-box;\n}\n\n#uc_card_carousel_elementor_e1da698 .ue-carousel-item{\n  overflow:hidden;\n  transition:0.3s;\n}\n\n#uc_card_carousel_elementor_e1da698 .uc_classic_carousel_container_holder{\n\tdisplay:block;\n\tposition:relative;\n\twidth:100%;\n    box-sizing: border-box;\n}\n#uc_card_carousel_elementor_e1da698 .uc_classic_carousel_placeholder{\n   position:relative;\n}\n\n\n#uc_card_carousel_elementor_e1da698 .uc_classic_carousel_placeholder img, #uc_card_carousel_elementor_e1da698 .ue_card_carousel_image_overlay{\n  transition: all 300ms;\n}\n\n.card_carousel_title{\n\tfont-size:21px;\n}\n\n.uc_classic_carousel .uc_classic_carousel_border{\n\tdisplay:block;\n    margin:0 auto;\n}\n\n.uc_classic_carousel  .uc_classic_carousel_placeholder img{\n\twidth:100%;    \n    display:block;\n}\n\n.uc_classic_carousel .uc_classic_carousel_content{\n  display: flex;\n  flex-flow: column nowrap;\n}\n\n.uc_classic_carousel .ue_button{\n  margin-top:auto;\n}\n\n.uc_classic_carousel .uc_classic_carousel_content .uc_more_btn {\n\tdisplay:inline-block;\n\ttext-decoration:none;\n\ttransition: all 0.5s ease;\n}\n\n#uc_card_carousel_elementor_e1da698 .owl-dots {\n  overflow:hidden;\n  text-align:center;\n}\n\n#uc_card_carousel_elementor_e1da698 .owl-dot {\n  border-radius:50%;\n  display:inline-block;\n}\n\n#uc_card_carousel_elementor_e1da698 .owl-nav .owl-prev,\n#uc_card_carousel_elementor_e1da698 .owl-nav .owl-next{\n    position:absolute;\n    display:flex;\n  \tjustify-content: center;\n  \talign-items: center;\n    text-align:center;\n}\n\n#uc_card_carousel_elementor_e1da698 .owl-nav .disabled{\n    display: none;  \n}\n\n\n#uc_card_carousel_elementor_e1da698 .ue-item-icon{\n  line-height:1em;\n  display:inline-flex;\n  justify-content:center;\n  align-items:center;  \n}\n\n#uc_card_carousel_elementor_e1da698 .ue-item-icon svg{\n  height:1em;\n  width:1em;\n}\n\n#uc_card_carousel_elementor_e1da698 .ue-item-icon-wrapper{\n  display:flex;\n}\n\n#uc_card_carousel_elementor_e1da698 .uc_classic_carousel_container_holder {\n\t max-width: ;\n}\n\n\n\n@media screen and (max-width: 1024px) {\n  #uc_card_carousel_elementor_e1da698 .uc_classic_carousel_container_holder {\n\t max-width: ;\n  }\n}\n\n@media screen and (max-width: 767px) {\n  #uc_card_carousel_elementor_e1da698 .uc_classic_carousel_container_holder {\n    max-width: ;\n  }\n}\n\n<\/style>\n\n<div class=\"uc_classic_carousel\" id=\"uc_card_carousel_elementor_e1da698-wrapper\">\n  <div class=\"uc_carousel owl-carousel uc-items-wrapper  \" id=\"uc_card_carousel_elementor_e1da698\"  >\n    \n\n\n<div id=\"uc_card_carousel_elementor_e1da698_item1\" class=\"uc_classic_carousel_container_holder ue-item elementor-repeater-item-f3ccd84\" data-hide-item=\"false\">  \n  <div class=\"ue-carousel-item\">\n    \n        \n    \n          <div class=\"uc_classic_carousel_placeholder\">\n                  <img decoding=\"async\" src=\"https:\/\/www.apicivs.com\/wp-content\/uploads\/2025\/10\/Apicivs-1971_1-1.png\"  src=\"https:\/\/www.apicivs.com\/wp-content\/uploads\/2025\/10\/Apicivs-1971_1-1.png\" alt=\"Apicivs 1971 Douro Port\" width=\"250\" height=\"397\">\n                      <\/div>\n    \n    <div class=\"uc_classic_carousel_content\" style=\"direction:ltr;\">    \n\n      \n                  \t\n\n      \t\n      \n    <\/div>\n    \n  <\/div>\n<\/div>\n\n\n\n<div id=\"uc_card_carousel_elementor_e1da698_item2\" class=\"uc_classic_carousel_container_holder ue-item elementor-repeater-item-bf3327d\" data-hide-item=\"false\">  \n  <div class=\"ue-carousel-item\">\n    \n        \n    \n          <div class=\"uc_classic_carousel_placeholder\">\n                  <img decoding=\"async\" src=\"https:\/\/www.apicivs.com\/wp-content\/uploads\/2025\/10\/apicivs-1972-5.png\"  src=\"https:\/\/www.apicivs.com\/wp-content\/uploads\/2025\/10\/apicivs-1972-5.png\" alt=\"Apicivs 1972 Douro Port\" width=\"250\" height=\"397\">\n                      <\/div>\n    \n    <div class=\"uc_classic_carousel_content\" style=\"direction:ltr;\">    \n\n      \n                  \t\n\n      \t\n      \n    <\/div>\n    \n  <\/div>\n<\/div>\n\n\n\n<div id=\"uc_card_carousel_elementor_e1da698_item3\" class=\"uc_classic_carousel_container_holder ue-item elementor-repeater-item-d8f4468\" data-hide-item=\"false\">  \n  <div class=\"ue-carousel-item\">\n    \n        \n    \n          <div class=\"uc_classic_carousel_placeholder\">\n                  <img loading=\"lazy\" decoding=\"async\" src=\"https:\/\/www.apicivs.com\/wp-content\/uploads\/2025\/10\/apicivs-1975-3.png\"  src=\"https:\/\/www.apicivs.com\/wp-content\/uploads\/2025\/10\/apicivs-1975-3.png\" alt=\"Apicivs 1972 Douro Port\" width=\"250\" height=\"397\">\n                      <\/div>\n    \n    <div class=\"uc_classic_carousel_content\" style=\"direction:ltr;\">    \n\n      \n                  \t\n\n      \t\n      \n    <\/div>\n    \n  <\/div>\n<\/div>\n\n  <\/div>\n<\/div>\n<!-- end Card Carousel -->\t\t\t\t<\/div>\n\t\t\t\t<\/div>\n\t\t\t\t<\/div>\n\t\t\t\t\t<\/div>\n\t\t\t\t<\/div>\n\t\t<div class=\"elementor-element elementor-element-fb506de e-con-full e-flex e-con e-child\" data-id=\"fb506de\" data-element_type=\"container\">\n\t\t\t\t<div class=\"elementor-element elementor-element-237a907 elementor-tablet-align-center elementor-align-center elementor-widget elementor-widget-button\" data-id=\"237a907\" data-element_type=\"widget\" data-widget_type=\"button.default\">\n\t\t\t\t\t\t\t\t\t\t<a class=\"elementor-button elementor-button-link elementor-size-sm\" href=\"https:\/\/www.apicivs.com\/pt-pt\/our-wines\/\">\n\t\t\t\t\t\t<span class=\"elementor-button-content-wrapper\">\n\t\t\t\t\t\t\t\t\t<span class=\"elementor-button-text\">Descubra a gama APICIVS<\/span>\n\t\t\t\t\t<\/span>\n\t\t\t\t\t<\/a>\n\t\t\t\t\t\t\t\t<\/div>\n\t\t\t\t<\/div>\n\t\t\t\t<\/div>\n\t\t\t\t<\/div>\n\t\t","protected":false},"excerpt":{"rendered":"<p>Inspirada no mais antigo livro de culin\u00e1ria do mundo, a APICIVS representa a busca incans\u00e1vel pelo melhor. O melhor ingrediente, a melhor combina\u00e7\u00e3o, a melhor bebida. Mais do que uma marca, a APICIVS \u00e9 uma declara\u00e7\u00e3o de excel\u00eancia. Inspirada em Marcus Gavius Apicius \u2013 o lend\u00e1rio gourmet romano que consagrou a vida a elevar o [&hellip;]<\/p>\n","protected":false},"author":1,"featured_media":0,"parent":0,"menu_order":0,"comment_status":"closed","ping_status":"closed","template":"","meta":{"_acf_changed":false,"footnotes":""},"class_list":["post-1931","page","type-page","status-publish","hentry"],"acf":[],"aioseo_notices":[],"_links":{"self":[{"href":"https:\/\/www.apicivs.com\/pt-pt\/wp-json\/wp\/v2\/pages\/1931","targetHints":{"allow":["GET"]}}],"collection":[{"href":"https:\/\/www.apicivs.com\/pt-pt\/wp-json\/wp\/v2\/pages"}],"about":[{"href":"https:\/\/www.apicivs.com\/pt-pt\/wp-json\/wp\/v2\/types\/page"}],"author":[{"embeddable":true,"href":"https:\/\/www.apicivs.com\/pt-pt\/wp-json\/wp\/v2\/users\/1"}],"replies":[{"embeddable":true,"href":"https:\/\/www.apicivs.com\/pt-pt\/wp-json\/wp\/v2\/comments?post=1931"}],"version-history":[{"count":13,"href":"https:\/\/www.apicivs.com\/pt-pt\/wp-json\/wp\/v2\/pages\/1931\/revisions"}],"predecessor-version":[{"id":2637,"href":"https:\/\/www.apicivs.com\/pt-pt\/wp-json\/wp\/v2\/pages\/1931\/revisions\/2637"}],"wp:attachment":[{"href":"https:\/\/www.apicivs.com\/pt-pt\/wp-json\/wp\/v2\/media?parent=1931"}],"curies":[{"name":"wp","href":"https:\/\/api.w.org\/{rel}","templated":true}]}}