{"id":2091,"date":"2025-09-23T13:47:05","date_gmt":"2025-09-23T13:47:05","guid":{"rendered":"https:\/\/www.apicivs.com\/2025\/produto\/apicivs-1975\/"},"modified":"2025-10-17T10:33:15","modified_gmt":"2025-10-17T10:33:15","slug":"apicivs-1975","status":"publish","type":"product","link":"https:\/\/www.apicivs.com\/pt-pt\/produto\/apicivs-1975\/","title":{"rendered":"APICIVS 1975"},"content":{"rendered":"\t\t<div data-elementor-type=\"product-post\" data-elementor-id=\"2091\" class=\"elementor elementor-2091 elementor-1225\" data-elementor-post-type=\"product\">\n\t\t\t\t<div class=\"elementor-element elementor-element-22a9868 e-flex e-con-boxed e-con e-parent\" data-id=\"22a9868\" data-element_type=\"container\">\n\t\t\t\t\t<div class=\"e-con-inner\">\n\t\t\t\t<div class=\"elementor-element elementor-element-13cc284 elementor-widget elementor-widget-heading\" data-id=\"13cc284\" data-element_type=\"widget\" data-widget_type=\"heading.default\">\n\t\t\t\t\t<h2 class=\"elementor-heading-title elementor-size-default\">A RARIDADE SUPREMA<\/h2>\t\t\t\t<\/div>\n\t\t\t\t<div class=\"elementor-element elementor-element-ea4445f elementor-widget elementor-widget-heading\" data-id=\"ea4445f\" data-element_type=\"widget\" data-widget_type=\"heading.default\">\n\t\t\t\t\t<h3 class=\"elementor-heading-title elementor-size-default\">SINGLE HARVEST TAWNY PORT<\/h3>\t\t\t\t<\/div>\n\t\t\t\t<div class=\"elementor-element elementor-element-c9d0124 elementor-widget elementor-widget-text-editor\" data-id=\"c9d0124\" data-element_type=\"widget\" data-widget_type=\"text-editor.default\">\n\t\t\t\t\t\t\t\t\t<p>A raridade n\u00e3o se anuncia, reconhece-se. O Porto Tawny APICIVS Colheita de 1975 encontra aqueles que compreendem o valor do tempo, da perfei\u00e7\u00e3o e daquilo que transcende o comum.<\/p><p>Durante cinco d\u00e9cadas, esta colheita excecional evoluiu no sil\u00eancio dos cascos de uma hist\u00f3rica casa de vinho do Porto. O tempo moldou-lhe a estrutura, aprofundou-lhe o esp\u00edrito, elevou-lhe a ess\u00eancia. 556 litros foram meticulosamente escolhidos e trabalhados pelo <em>Master Blender<\/em> da APICIVS, por serem excecionais e por representam a mais pura express\u00e3o do que esta colheita podia alcan\u00e7ar.<\/p><p>Engarrafado no seu jubileu, este Porto Colheita \u00e9 um testemunho do tempo, da mestria e da busca incessante pela perfei\u00e7\u00e3o. Cada garrafa reflete um momento irrepet\u00edvel, reservado a quem compreende que algumas experi\u00eancias n\u00e3o s\u00e3o adquiridas: est\u00e3o destinadas.<\/p><p>H\u00e1 cria\u00e7\u00f5es que n\u00e3o se explicam. Sentem-se. H\u00e1 escolhas que n\u00e3o se ponderam. Imp\u00f5em-se.<\/p>\t\t\t\t\t\t\t\t<\/div>\n\t\t<div class=\"elementor-element elementor-element-0d5b766 e-con-full e-flex e-con e-child\" data-id=\"0d5b766\" data-element_type=\"container\">\n\t\t\t\t<div class=\"elementor-element elementor-element-e01121e elementor-tablet-align-justify elementor-align-justify elementor-widget__width-inherit elementor-widget-tablet__width-inherit elementor-widget elementor-widget-button\" data-id=\"e01121e\" data-element_type=\"widget\" data-widget_type=\"button.default\">\n\t\t\t\t\t\t\t\t\t\t<a class=\"elementor-button elementor-button-link elementor-size-sm\" href=\"#elementor-action%3Aaction%3Dpopup%3Aopen%26settings%3DeyJpZCI6MjAyNCwidG9nZ2xlIjpmYWxzZX0%3D\">\n\t\t\t\t\t\t<span class=\"elementor-button-content-wrapper\">\n\t\t\t\t\t\t\t\t\t<span class=\"elementor-button-text\">FICHA T\u00c9CNICA<\/span>\n\t\t\t\t\t<\/span>\n\t\t\t\t\t<\/a>\n\t\t\t\t\t\t\t\t<\/div>\n\t\t\t\t<div class=\"elementor-element elementor-element-6475e65 elementor-tablet-align-justify elementor-align-justify elementor-widget__width-inherit elementor-widget-tablet__width-inherit elementor-widget elementor-widget-button\" data-id=\"6475e65\" data-element_type=\"widget\" data-widget_type=\"button.default\">\n\t\t\t\t\t\t\t\t\t\t<a class=\"elementor-button elementor-button-link elementor-size-sm\" href=\"#elementor-action%3Aaction%3Dpopup%3Aopen%26settings%3DeyJpZCI6MjAzMSwidG9nZ2xlIjpmYWxzZX0%3D\">\n\t\t\t\t\t\t<span class=\"elementor-button-content-wrapper\">\n\t\t\t\t\t\t\t\t\t<span class=\"elementor-button-text\">NOTAS DE PROVA<\/span>\n\t\t\t\t\t<\/span>\n\t\t\t\t\t<\/a>\n\t\t\t\t\t\t\t\t<\/div>\n\t\t\t\t<\/div>\n\t\t\t\t\t<\/div>\n\t\t\t\t<\/div>\n\t\t\t\t<\/div>\n\t\t","protected":false},"excerpt":{"rendered":"<p>SINGLE HARVEST TAWNY PORT<\/p>\n","protected":false},"featured_media":1982,"template":"","meta":{"_acf_changed":false},"product_brand":[],"product_cat":[47],"product_tag":[],"class_list":{"0":"post-2091","1":"product","2":"type-product","3":"status-publish","4":"has-post-thumbnail","6":"product_cat-apicivspt","8":"first","9":"instock","10":"taxable","11":"shipping-taxable","12":"purchasable","13":"product-type-simple"},"acf":[],"aioseo_notices":[],"_links":{"self":[{"href":"https:\/\/www.apicivs.com\/pt-pt\/wp-json\/wp\/v2\/product\/2091","targetHints":{"allow":["GET"]}}],"collection":[{"href":"https:\/\/www.apicivs.com\/pt-pt\/wp-json\/wp\/v2\/product"}],"about":[{"href":"https:\/\/www.apicivs.com\/pt-pt\/wp-json\/wp\/v2\/types\/product"}],"version-history":[{"count":14,"href":"https:\/\/www.apicivs.com\/pt-pt\/wp-json\/wp\/v2\/product\/2091\/revisions"}],"predecessor-version":[{"id":2672,"href":"https:\/\/www.apicivs.com\/pt-pt\/wp-json\/wp\/v2\/product\/2091\/revisions\/2672"}],"wp:featuredmedia":[{"embeddable":true,"href":"https:\/\/www.apicivs.com\/pt-pt\/wp-json\/wp\/v2\/media\/1982"}],"wp:attachment":[{"href":"https:\/\/www.apicivs.com\/pt-pt\/wp-json\/wp\/v2\/media?parent=2091"}],"wp:term":[{"taxonomy":"product_brand","embeddable":true,"href":"https:\/\/www.apicivs.com\/pt-pt\/wp-json\/wp\/v2\/product_brand?post=2091"},{"taxonomy":"product_cat","embeddable":true,"href":"https:\/\/www.apicivs.com\/pt-pt\/wp-json\/wp\/v2\/product_cat?post=2091"},{"taxonomy":"product_tag","embeddable":true,"href":"https:\/\/www.apicivs.com\/pt-pt\/wp-json\/wp\/v2\/product_tag?post=2091"}],"curies":[{"name":"wp","href":"https:\/\/api.w.org\/{rel}","templated":true}]}}