{"id":2093,"date":"2025-09-23T13:45:01","date_gmt":"2025-09-23T13:45:01","guid":{"rendered":"https:\/\/www.apicivs.com\/2025\/produto\/apicivs-1972\/"},"modified":"2025-10-17T10:32:44","modified_gmt":"2025-10-17T10:32:44","slug":"apicivs-1972","status":"publish","type":"product","link":"https:\/\/www.apicivs.com\/pt-pt\/produto\/apicivs-1972\/","title":{"rendered":"APICIVS 1972"},"content":{"rendered":"\t\t<div data-elementor-type=\"product-post\" data-elementor-id=\"2093\" class=\"elementor elementor-2093 elementor-1220\" data-elementor-post-type=\"product\">\n\t\t\t\t<div class=\"elementor-element elementor-element-22a9868 e-flex e-con-boxed e-con e-parent\" data-id=\"22a9868\" data-element_type=\"container\">\n\t\t\t\t\t<div class=\"e-con-inner\">\n\t\t\t\t<div class=\"elementor-element elementor-element-13cc284 elementor-widget elementor-widget-heading\" data-id=\"13cc284\" data-element_type=\"widget\" data-widget_type=\"heading.default\">\n\t\t\t\t\t<h2 class=\"elementor-heading-title elementor-size-default\">A RARIDADE RESGATADA<\/h2>\t\t\t\t<\/div>\n\t\t\t\t<div class=\"elementor-element elementor-element-ea4445f elementor-widget elementor-widget-heading\" data-id=\"ea4445f\" data-element_type=\"widget\" data-widget_type=\"heading.default\">\n\t\t\t\t\t<h3 class=\"elementor-heading-title elementor-size-default\">SINGLE HARVEST TAWNY PORT<\/h3>\t\t\t\t<\/div>\n\t\t\t\t<div class=\"elementor-element elementor-element-c9d0124 elementor-widget elementor-widget-text-editor\" data-id=\"c9d0124\" data-element_type=\"widget\" data-widget_type=\"text-editor.default\">\n\t\t\t\t\t\t\t\t\t<p>Do primeiro vislumbre ao final intermin\u00e1vel, APICIVS 1972 revela-se em camadas de esplendor, untuosidade e eleg\u00e2ncia.<\/p><p>A sua cor transita do \u00e2mbar ao mogno num <em>d\u00e9grad\u00e9<\/em> hipnotizante. No nariz, uma opul\u00eancia rara: mel de eucalipto, o bals\u00e2mico do funcho, madressilva e notas subtis de cera de abelha e folha de tabaco.<\/p><p>No palato, surpreendentemente fresco e aveludado, evoca casca seca de citrinos, <em>butterscotch<\/em> e figos caramelizados. O final prolonga-se sem fim \u2014 doce, especiado, bals\u00e2mico \u2014 com notas de <em>cr\u00e8me br\u00fbl\u00e9e<\/em>, pimenta e mel de flor de eucalipto.<\/p>\t\t\t\t\t\t\t\t<\/div>\n\t\t<div class=\"elementor-element elementor-element-0d5b766 e-con-full e-flex e-con e-child\" data-id=\"0d5b766\" data-element_type=\"container\">\n\t\t\t\t<div class=\"elementor-element elementor-element-e01121e elementor-tablet-align-justify elementor-align-justify elementor-widget__width-inherit elementor-widget-tablet__width-inherit elementor-widget elementor-widget-button\" data-id=\"e01121e\" data-element_type=\"widget\" data-widget_type=\"button.default\">\n\t\t\t\t\t\t\t\t\t\t<a class=\"elementor-button elementor-button-link elementor-size-sm\" href=\"#elementor-action%3Aaction%3Dpopup%3Aopen%26settings%3DeyJpZCI6MjAyNiwidG9nZ2xlIjpmYWxzZX0%3D\">\n\t\t\t\t\t\t<span class=\"elementor-button-content-wrapper\">\n\t\t\t\t\t\t\t\t\t<span class=\"elementor-button-text\">FICHA T\u00c9CNICA<\/span>\n\t\t\t\t\t<\/span>\n\t\t\t\t\t<\/a>\n\t\t\t\t\t\t\t\t<\/div>\n\t\t\t\t<div class=\"elementor-element elementor-element-6475e65 elementor-tablet-align-justify elementor-align-justify elementor-widget__width-inherit elementor-widget-tablet__width-inherit elementor-widget elementor-widget-button\" data-id=\"6475e65\" data-element_type=\"widget\" data-widget_type=\"button.default\">\n\t\t\t\t\t\t\t\t\t\t<a class=\"elementor-button elementor-button-link elementor-size-sm\" href=\"#elementor-action%3Aaction%3Dpopup%3Aopen%26settings%3DeyJpZCI6MjAzNCwidG9nZ2xlIjpmYWxzZX0%3D\">\n\t\t\t\t\t\t<span class=\"elementor-button-content-wrapper\">\n\t\t\t\t\t\t\t\t\t<span class=\"elementor-button-text\">NOTAS DE PROVA<\/span>\n\t\t\t\t\t<\/span>\n\t\t\t\t\t<\/a>\n\t\t\t\t\t\t\t\t<\/div>\n\t\t\t\t<div class=\"elementor-element elementor-element-e4bb756 elementor-tablet-align-justify elementor-align-justify elementor-widget__width-inherit elementor-widget-tablet__width-inherit elementor-widget elementor-widget-button\" data-id=\"e4bb756\" data-element_type=\"widget\" data-widget_type=\"button.default\">\n\t\t\t\t\t\t\t\t\t\t<a class=\"elementor-button elementor-button-link elementor-size-sm\" href=\"#elementor-action%3Aaction%3Dpopup%3Aopen%26settings%3DeyJpZCI6MjAyMCwidG9nZ2xlIjpmYWxzZX0%3D\">\n\t\t\t\t\t\t<span class=\"elementor-button-content-wrapper\">\n\t\t\t\t\t\t\t\t\t<span class=\"elementor-button-text\">AN\u00c1LISE DE ROBERT PARKER<\/span>\n\t\t\t\t\t<\/span>\n\t\t\t\t\t<\/a>\n\t\t\t\t\t\t\t\t<\/div>\n\t\t\t\t<\/div>\n\t\t\t\t\t<\/div>\n\t\t\t\t<\/div>\n\t\t\t\t<\/div>\n\t\t","protected":false},"excerpt":{"rendered":"<p>SINGLE HARVEST TAWNY PORT<\/p>\n","protected":false},"featured_media":2773,"template":"","meta":{"_acf_changed":false},"product_brand":[],"product_cat":[47],"product_tag":[],"class_list":{"0":"post-2093","1":"product","2":"type-product","3":"status-publish","4":"has-post-thumbnail","6":"product_cat-apicivspt","8":"first","9":"instock","10":"taxable","11":"shipping-taxable","12":"purchasable","13":"product-type-simple"},"acf":[],"aioseo_notices":[],"_links":{"self":[{"href":"https:\/\/www.apicivs.com\/pt-pt\/wp-json\/wp\/v2\/product\/2093","targetHints":{"allow":["GET"]}}],"collection":[{"href":"https:\/\/www.apicivs.com\/pt-pt\/wp-json\/wp\/v2\/product"}],"about":[{"href":"https:\/\/www.apicivs.com\/pt-pt\/wp-json\/wp\/v2\/types\/product"}],"version-history":[{"count":13,"href":"https:\/\/www.apicivs.com\/pt-pt\/wp-json\/wp\/v2\/product\/2093\/revisions"}],"predecessor-version":[{"id":2671,"href":"https:\/\/www.apicivs.com\/pt-pt\/wp-json\/wp\/v2\/product\/2093\/revisions\/2671"}],"wp:featuredmedia":[{"embeddable":true,"href":"https:\/\/www.apicivs.com\/pt-pt\/wp-json\/wp\/v2\/media\/2773"}],"wp:attachment":[{"href":"https:\/\/www.apicivs.com\/pt-pt\/wp-json\/wp\/v2\/media?parent=2093"}],"wp:term":[{"taxonomy":"product_brand","embeddable":true,"href":"https:\/\/www.apicivs.com\/pt-pt\/wp-json\/wp\/v2\/product_brand?post=2093"},{"taxonomy":"product_cat","embeddable":true,"href":"https:\/\/www.apicivs.com\/pt-pt\/wp-json\/wp\/v2\/product_cat?post=2093"},{"taxonomy":"product_tag","embeddable":true,"href":"https:\/\/www.apicivs.com\/pt-pt\/wp-json\/wp\/v2\/product_tag?post=2093"}],"curies":[{"name":"wp","href":"https:\/\/api.w.org\/{rel}","templated":true}]}}